{"id":3630,"date":"2022-04-18T16:39:08","date_gmt":"2022-04-18T16:39:08","guid":{"rendered":"http:\/\/atlantikdnz.com\/?page_id=3630"},"modified":"2022-04-18T17:17:03","modified_gmt":"2022-04-18T17:17:03","slug":"shore-staff-application","status":"publish","type":"page","link":"https:\/\/atlantikdnz.com\/index.php\/shore-staff-application\/","title":{"rendered":"Shore Staff Application"},"content":{"rendered":"[vc_row][vc_column][vc_row_inner][vc_column_inner css=&#8221;.vc_custom_1548145204043{padding-right: 75px !important;}&#8221;]<div class=\"cws_spacing cws_spacing_size_sm_desctop-on cws_spacing_tablet-on cws_spacing_mobile-on\"><div class=\"cws_spacing cws_spacing_default\" style=\"height:15px;\"><\/div> <div class=\"cws_spacing cws_spacing_size_sm_desctop\" style=\"height:15px;\"><\/div> <div class=\"cws_spacing cws_spacing_tablet\" style=\"height:15px;\"><\/div> <div class=\"cws_spacing cws_spacing_mobile\" style=\"height:15px;\"><\/div><\/div><div class='cws_textmodule cws_vc_shortcode_module' id='cws_textmodule_69e4648129a1c'><div class='cws_textmodule_wrapper '><div class='cws_textmodule_text text_align_left'><div class='cws_textmodule_titles display_block'><h1 class='cws_textmodule_title'><span>Shore Staff Application<\/span><\/h1><\/div><div class='cws_textmodule_content'><div class='text_content_wrapper'><p>L\u00fctfen yandaki<\/p>\n<p>\u00c7al\u0131\u015fan A\u00e7\u0131k R\u0131za Metni<\/p>\n<p>Ki\u015fisel Verilerin Korunmas\u0131 ve \u0130\u015flenmesine \u0130li\u015fkin<\/p>\n<p>formlar\u0131n\u0131 doldurarak ba\u015fvurular\u0131n\u0131z\u0131 tamamlay\u0131n\u0131z.<\/p>\n<\/div><\/div><\/div><\/div><\/div>[vc_wp_text]<div class=\"wpforms-container wpforms-container-full\" id=\"wpforms-3624\"><form id=\"wpforms-form-3624\" class=\"wpforms-validate wpforms-form wpforms-ajax-form\" data-formid=\"3624\" method=\"post\" enctype=\"multipart\/form-data\" action=\"\/index.php\/wp-json\/wp\/v2\/pages\/3630\" data-token=\"7ecf792974f66260b1e851f70760e8de\" data-token-time=\"1776575617\"><noscript class=\"wpforms-error-noscript\">Please enable JavaScript in your browser to complete this form.<\/noscript><div class=\"wpforms-field-container\"><div id=\"wpforms-3624-field_0-container\" class=\"wpforms-field wpforms-field-name\" data-field-id=\"0\"><label class=\"wpforms-field-label\">Name <span class=\"wpforms-required-label\">*<\/span><\/label><div class=\"wpforms-field-row wpforms-field-medium\"><div class=\"wpforms-field-row-block wpforms-first wpforms-one-half\"><input type=\"text\" id=\"wpforms-3624-field_0\" class=\"wpforms-field-name-first wpforms-field-required\" name=\"wpforms[fields][0][first]\" required><label for=\"wpforms-3624-field_0\" class=\"wpforms-field-sublabel after\">First<\/label><\/div><div class=\"wpforms-field-row-block wpforms-one-half\"><input type=\"text\" id=\"wpforms-3624-field_0-last\" class=\"wpforms-field-name-last wpforms-field-required\" name=\"wpforms[fields][0][last]\" required><label for=\"wpforms-3624-field_0-last\" class=\"wpforms-field-sublabel after\">Last<\/label><\/div><\/div><\/div><div id=\"wpforms-3624-field_6-container\" class=\"wpforms-field wpforms-field-text\" data-field-id=\"6\"><label class=\"wpforms-field-label\" for=\"wpforms-3624-field_6\">Date of Birth \/ Place of Birth: <span class=\"wpforms-required-label\">*<\/span><\/label><input type=\"text\" id=\"wpforms-3624-field_6\" class=\"wpforms-field-medium wpforms-field-required\" name=\"wpforms[fields][6]\" required><\/div><div id=\"wpforms-3624-field_7-container\" class=\"wpforms-field wpforms-field-text\" data-field-id=\"7\"><label class=\"wpforms-field-label\" for=\"wpforms-3624-field_7\">Nationality : <span class=\"wpforms-required-label\">*<\/span><\/label><input type=\"text\" id=\"wpforms-3624-field_7\" class=\"wpforms-field-medium wpforms-field-required\" name=\"wpforms[fields][7]\" required><\/div><div id=\"wpforms-3624-field_8-container\" class=\"wpforms-field wpforms-field-text\" data-field-id=\"8\"><label class=\"wpforms-field-label\" for=\"wpforms-3624-field_8\">Permanent Home Address: <span class=\"wpforms-required-label\">*<\/span><\/label><input type=\"text\" id=\"wpforms-3624-field_8\" class=\"wpforms-field-medium wpforms-field-required\" name=\"wpforms[fields][8]\" required><\/div><div id=\"wpforms-3624-field_9-container\" class=\"wpforms-field wpforms-field-text\" data-field-id=\"9\"><label class=\"wpforms-field-label\" for=\"wpforms-3624-field_9\">Telephone @ Permanent Address <span class=\"wpforms-required-label\">*<\/span><\/label><input type=\"text\" id=\"wpforms-3624-field_9\" class=\"wpforms-field-medium wpforms-field-required\" name=\"wpforms[fields][9]\" required><\/div><div id=\"wpforms-3624-field_10-container\" class=\"wpforms-field wpforms-field-text\" data-field-id=\"10\"><label class=\"wpforms-field-label\" for=\"wpforms-3624-field_10\">Personal Cellular Telephone: <span class=\"wpforms-required-label\">*<\/span><\/label><input type=\"text\" id=\"wpforms-3624-field_10\" class=\"wpforms-field-medium wpforms-field-required\" name=\"wpforms[fields][10]\" required><\/div><div id=\"wpforms-3624-field_11-container\" class=\"wpforms-field wpforms-field-text\" data-field-id=\"11\"><label class=\"wpforms-field-label\" for=\"wpforms-3624-field_11\">Present Address (if other than permanent): <span class=\"wpforms-required-label\">*<\/span><\/label><input type=\"text\" id=\"wpforms-3624-field_11\" class=\"wpforms-field-medium wpforms-field-required\" name=\"wpforms[fields][11]\" required><\/div><div id=\"wpforms-3624-field_12-container\" class=\"wpforms-field wpforms-field-text\" data-field-id=\"12\"><label class=\"wpforms-field-label\" for=\"wpforms-3624-field_12\">Telephone @ Present Address: <span class=\"wpforms-required-label\">*<\/span><\/label><input type=\"text\" id=\"wpforms-3624-field_12\" class=\"wpforms-field-medium wpforms-field-required\" name=\"wpforms[fields][12]\" required><\/div><div id=\"wpforms-3624-field_13-container\" class=\"wpforms-field wpforms-field-text\" data-field-id=\"13\"><label class=\"wpforms-field-label\" for=\"wpforms-3624-field_13\">ID Number \/ Passport Number: <span class=\"wpforms-required-label\">*<\/span><\/label><input type=\"text\" id=\"wpforms-3624-field_13\" class=\"wpforms-field-medium wpforms-field-required\" name=\"wpforms[fields][13]\" required><\/div><div id=\"wpforms-3624-field_14-container\" class=\"wpforms-field wpforms-field-text\" data-field-id=\"14\"><label class=\"wpforms-field-label\" for=\"wpforms-3624-field_14\">Sex \/ Marital Status: <span class=\"wpforms-required-label\">*<\/span><\/label><input type=\"text\" id=\"wpforms-3624-field_14\" class=\"wpforms-field-medium wpforms-field-required\" name=\"wpforms[fields][14]\" required><\/div><div id=\"wpforms-3624-field_15-container\" class=\"wpforms-field wpforms-field-text\" data-field-id=\"15\"><label class=\"wpforms-field-label\" for=\"wpforms-3624-field_15\">Dependents: <span class=\"wpforms-required-label\">*<\/span><\/label><input type=\"text\" id=\"wpforms-3624-field_15\" class=\"wpforms-field-medium wpforms-field-required\" name=\"wpforms[fields][15]\" required><\/div><div id=\"wpforms-3624-field_16-container\" class=\"wpforms-field wpforms-field-text\" data-field-id=\"16\"><label class=\"wpforms-field-label\" for=\"wpforms-3624-field_16\">Address of Dependents (if other than above): <span class=\"wpforms-required-label\">*<\/span><\/label><input type=\"text\" id=\"wpforms-3624-field_16\" class=\"wpforms-field-medium wpforms-field-required\" name=\"wpforms[fields][16]\" required><\/div><div id=\"wpforms-3624-field_17-container\" class=\"wpforms-field wpforms-field-text\" data-field-id=\"17\"><label class=\"wpforms-field-label\" for=\"wpforms-3624-field_17\">Telephone of Dependents @ this Address: <span class=\"wpforms-required-label\">*<\/span><\/label><input type=\"text\" id=\"wpforms-3624-field_17\" class=\"wpforms-field-medium wpforms-field-required\" name=\"wpforms[fields][17]\" required><\/div><div id=\"wpforms-3624-field_18-container\" class=\"wpforms-field wpforms-field-text\" data-field-id=\"18\"><label class=\"wpforms-field-label\" for=\"wpforms-3624-field_18\">High School: <span class=\"wpforms-required-label\">*<\/span><\/label><input type=\"text\" id=\"wpforms-3624-field_18\" class=\"wpforms-field-medium wpforms-field-required\" name=\"wpforms[fields][18]\" required><\/div><div id=\"wpforms-3624-field_19-container\" class=\"wpforms-field wpforms-field-text\" data-field-id=\"19\"><label class=\"wpforms-field-label\" for=\"wpforms-3624-field_19\">Languages: Speak, Read &amp; Write Status: (Excellent, Good, Fair, Poor) <span class=\"wpforms-required-label\">*<\/span><\/label><input type=\"text\" id=\"wpforms-3624-field_19\" class=\"wpforms-field-medium wpforms-field-required\" name=\"wpforms[fields][19]\" required><\/div><div id=\"wpforms-3624-field_20-container\" class=\"wpforms-field wpforms-field-text\" data-field-id=\"20\"><label class=\"wpforms-field-label\" for=\"wpforms-3624-field_20\">Basic Computer Literature: Windows, Word, Excel, Access, Other: <span class=\"wpforms-required-label\">*<\/span><\/label><input type=\"text\" id=\"wpforms-3624-field_20\" class=\"wpforms-field-medium wpforms-field-required\" name=\"wpforms[fields][20]\" required><\/div><div id=\"wpforms-3624-field_21-container\" class=\"wpforms-field wpforms-field-text\" data-field-id=\"21\"><label class=\"wpforms-field-label\" for=\"wpforms-3624-field_21\">Applicant for the Job Position: <span class=\"wpforms-required-label\">*<\/span><\/label><input type=\"text\" id=\"wpforms-3624-field_21\" class=\"wpforms-field-medium wpforms-field-required\" name=\"wpforms[fields][21]\" required><\/div><div id=\"wpforms-3624-field_22-container\" class=\"wpforms-field wpforms-field-text\" data-field-id=\"22\"><label class=\"wpforms-field-label\" for=\"wpforms-3624-field_22\">Academic Status \/ Credentials: State Issuing Authority \/ Issue Number: <span class=\"wpforms-required-label\">*<\/span><\/label><input type=\"text\" id=\"wpforms-3624-field_22\" class=\"wpforms-field-medium wpforms-field-required\" name=\"wpforms[fields][22]\" required><\/div><div id=\"wpforms-3624-field_23-container\" class=\"wpforms-field wpforms-field-text\" data-field-id=\"23\"><label class=\"wpforms-field-label\" for=\"wpforms-3624-field_23\">Additional Training Credentials \/ Qualifications: State Issuing Authority \/ Issue Number: <span class=\"wpforms-required-label\">*<\/span><\/label><input type=\"text\" id=\"wpforms-3624-field_23\" class=\"wpforms-field-medium wpforms-field-required\" name=\"wpforms[fields][23]\" required><\/div><div id=\"wpforms-3624-field_24-container\" class=\"wpforms-field wpforms-field-text\" data-field-id=\"24\"><label class=\"wpforms-field-label\" for=\"wpforms-3624-field_24\">Employment History: Name Firm, Dates from \/ to and position: <span class=\"wpforms-required-label\">*<\/span><\/label><input type=\"text\" id=\"wpforms-3624-field_24\" class=\"wpforms-field-medium wpforms-field-required\" name=\"wpforms[fields][24]\" required><\/div><div id=\"wpforms-3624-field_25-container\" class=\"wpforms-field wpforms-field-text\" data-field-id=\"25\"><label class=\"wpforms-field-label\" for=\"wpforms-3624-field_25\">Memberships: Name Society\/Club, Membership Status: <span class=\"wpforms-required-label\">*<\/span><\/label><input type=\"text\" id=\"wpforms-3624-field_25\" class=\"wpforms-field-medium wpforms-field-required\" name=\"wpforms[fields][25]\" required><\/div><div id=\"wpforms-3624-field_26-container\" class=\"wpforms-field wpforms-field-text\" data-field-id=\"26\"><label class=\"wpforms-field-label\" for=\"wpforms-3624-field_26\">References: State Name\/Surname, Firm\/Organization, Position, Telephone Contacts: <span class=\"wpforms-required-label\">*<\/span><\/label><input type=\"text\" id=\"wpforms-3624-field_26\" class=\"wpforms-field-medium wpforms-field-required\" name=\"wpforms[fields][26]\" required><\/div><div id=\"wpforms-3624-field_3-container\" class=\"wpforms-field wpforms-field-checkbox\" data-field-id=\"3\"><label class=\"wpforms-field-label\">\u0130nternet Sitesindeki KVKK ve A\u00e7\u0131k R\u0131za Metni\u2019ni okudum, onay veriyorum <span class=\"wpforms-required-label\">*<\/span><\/label><ul id=\"wpforms-3624-field_3\" class=\"wpforms-field-required\"><li class=\"choice-1 depth-1\"><input type=\"checkbox\" id=\"wpforms-3624-field_3_1\" name=\"wpforms[fields][3][]\" value=\"Okudum, onay veriyorum\" required ><label class=\"wpforms-field-label-inline\" for=\"wpforms-3624-field_3_1\">Okudum, onay veriyorum<\/label><\/li><\/ul><div class=\"wpforms-field-description wpforms-disclaimer-description\">AYDINLATMA METN\u0130 <br \/>\r\nATLANT\u0130K DEN\u0130ZC\u0130L\u0130K T\u0130CARET VE SANAY\u0130 ANON\u0130M \u015e\u0130RKET\u0130 (\u201cAtlantik \u201d olarak an\u0131lacakt\u0131r) olarak gerek web sitemizi kullan\u0131rken, gerek ilgili ba\u015fvuru formlar\u0131n\u0131 doldurarak, gerekse ba\u015fka yollarla taraf\u0131m\u0131za iletmi\u015f oldu\u011funuz t\u00fcm ki\u015fisel verilerinizin, 6698 say\u0131l\u0131 Ki\u015fisel Verilerin Korunmas\u0131 Kanunu (\u201cKVKK\u201d) ba\u015fta olmak \u00fczere ilgili mevzuat \u00e7er\u00e7evesinde g\u00fcvenli\u011finin sa\u011flanmas\u0131na son derece \u00f6nem vermekteyiz. An\u0131lan mevzuat kapsam\u0131nda Veri Sorumlusu s\u0131fat\u0131yla sizleri ayd\u0131nlatmak istiyoruz.<br \/>\r\n\u015eirketimiz ile payla\u015ft\u0131\u011f\u0131n\u0131z ki\u015fisel verileriniz, KVKK\u2019ya uygun \u015fekilde, Ki\u015fisel Verilerin Korunmas\u0131 ve \u0130\u015flenmesi Politikam\u0131z \u00e7er\u00e7evesinde, hukuk ve d\u00fcr\u00fcstl\u00fck kural\u0131n\u0131n \u00f6ng\u00f6rd\u00fc\u011f\u00fc bi\u00e7imde, i\u015flenme ama\u00e7lar\u0131 ile ba\u011flant\u0131l\u0131, s\u0131n\u0131rl\u0131 ve \u00f6l\u00e7\u00fcl\u00fc, do\u011fru ve g\u00fcncel olarak, belirli a\u00e7\u0131k ve me\u015fru ama\u00e7lar ile i\u015flenebilir, kaydedilebilir, depolanabilir, muhafaza edilebilir; i\u015f ortaklar\u0131, tedarik\u00e7ileri, alt y\u00fcklenicileri, ifa yard\u0131mc\u0131lar\u0131, ilgili denetleyici kurumlar, resmi kurumlar, yurti\u00e7i ve yurtd\u0131\u015f\u0131ndaki ilgili \u00fc\u00e7\u00fcnc\u00fc ki\u015filere (ger\u00e7ek\/t\u00fczel) aktar\u0131labilir; buralarda depolanabilir, g\u00fcncellenebilir, periyodik olarak kontrol edilebilir, s\u0131n\u0131fland\u0131r\u0131labilir. <br \/>\r\nKVKK madde 11 ve ilgili mevzuat uyar\u0131nca; ki\u015fisel veri sahibi olarak \u015eirketimize ba\u015fvurarak kendinizle ilgili ki\u015fisel veri i\u015flenip i\u015flenmedi\u011fini \u00f6\u011frenme, ki\u015fisel verileriniz i\u015flenmi\u015fse buna ili\u015fkin bilgi talep etme, ki\u015fisel verilerin i\u015flenme amac\u0131n\u0131, bunlar\u0131n amac\u0131na uygun kullan\u0131l\u0131p kullan\u0131lmad\u0131\u011f\u0131n\u0131 \u00f6\u011frenme ve di\u011fer t\u00fcm haklar\u0131n\u0131z\u0131 \u015eirketimizin Ki\u015fisel Verilerin Korunmas\u0131 ve \u0130\u015flenmesi Politikas\u0131n\u0131 inceleyerek \u00f6\u011frenebilirsiniz. \u0130lgili kanun maddesi kapsam\u0131nda t\u00fcm bilgi alma taleplerinizi kvkk@atlantikdnz.com  adresinden \u015eirket\u2019imize iletebilirsiniz.<\/div><\/div><\/div><!-- .wpforms-field-container --><div class=\"wpforms-submit-container\" ><input type=\"hidden\" name=\"wpforms[id]\" value=\"3624\"><input type=\"hidden\" name=\"page_title\" value=\"\"><input type=\"hidden\" name=\"page_url\" value=\"https:\/\/atlantikdnz.com\/index.php\/wp-json\/wp\/v2\/pages\/3630\"><input type=\"hidden\" name=\"url_referer\" value=\"\"><button type=\"submit\" name=\"wpforms[submit]\" id=\"wpforms-submit-3624\" class=\"wpforms-submit\" data-alt-text=\"Sending...\" data-submit-text=\"Submit.\" aria-live=\"assertive\" value=\"wpforms-submit\">Submit.<\/button><img loading=\"lazy\" decoding=\"async\" src=\"https:\/\/atlantikdnz.com\/wp-content\/plugins\/wpforms-lite\/assets\/images\/submit-spin.svg\" class=\"wpforms-submit-spinner\" style=\"display: none;\" width=\"26\" height=\"26\" alt=\"Loading\"><\/div><\/form><\/div>  <!-- .wpforms-container -->[\/vc_wp_text]<div class=\"cws_spacing cws_spacing_size_sm_desctop-on cws_spacing_tablet-on cws_spacing_mobile-on\"><div class=\"cws_spacing cws_spacing_default\" style=\"height:40px;\"><\/div> <div class=\"cws_spacing cws_spacing_size_sm_desctop\" style=\"height:40px;\"><\/div> <div class=\"cws_spacing cws_spacing_tablet\" style=\"height:40px;\"><\/div> <div class=\"cws_spacing cws_spacing_mobile\" style=\"height:40px;\"><\/div><\/div>[\/vc_column_inner][\/vc_row_inner][\/vc_column][\/vc_row]\n","protected":false},"excerpt":{"rendered":"<p>[vc_row][vc_column][vc_row_inner][vc_column_inner css=&#8221;.vc_custom_1548145204043{padding-right: 75px !important;}&#8221;][vc_wp_text][\/vc_wp_text][\/vc_column_inner][\/vc_row_inner][\/vc_column][\/vc_row]<\/p>\n","protected":false},"author":1,"featured_media":0,"parent":0,"menu_order":0,"comment_status":"closed","ping_status":"closed","template":"","meta":{"om_disable_all_campaigns":false,"_monsterinsights_skip_tracking":false,"_monsterinsights_sitenote_active":false,"_monsterinsights_sitenote_note":"","_monsterinsights_sitenote_category":0,"footnotes":""},"class_list":["post-3630","page","type-page","status-publish","hentry"],"aioseo_notices":[],"_links":{"self":[{"href":"https:\/\/atlantikdnz.com\/index.php\/wp-json\/wp\/v2\/pages\/3630","targetHints":{"allow":["GET"]}}],"collection":[{"href":"https:\/\/atlantikdnz.com\/index.php\/wp-json\/wp\/v2\/pages"}],"about":[{"href":"https:\/\/atlantikdnz.com\/index.php\/wp-json\/wp\/v2\/types\/page"}],"author":[{"embeddable":true,"href":"https:\/\/atlantikdnz.com\/index.php\/wp-json\/wp\/v2\/users\/1"}],"replies":[{"embeddable":true,"href":"https:\/\/atlantikdnz.com\/index.php\/wp-json\/wp\/v2\/comments?post=3630"}],"version-history":[{"count":6,"href":"https:\/\/atlantikdnz.com\/index.php\/wp-json\/wp\/v2\/pages\/3630\/revisions"}],"predecessor-version":[{"id":3639,"href":"https:\/\/atlantikdnz.com\/index.php\/wp-json\/wp\/v2\/pages\/3630\/revisions\/3639"}],"wp:attachment":[{"href":"https:\/\/atlantikdnz.com\/index.php\/wp-json\/wp\/v2\/media?parent=3630"}],"curies":[{"name":"wp","href":"https:\/\/api.w.org\/{rel}","templated":true}]}}